{"id":330,"date":"2025-09-11T11:19:42","date_gmt":"2025-09-11T09:19:42","guid":{"rendered":"https:\/\/topkeeperbalonmano.com\/?page_id=330"},"modified":"2025-09-12T13:16:45","modified_gmt":"2025-09-12T11:16:45","slug":"metodologia","status":"publish","type":"page","link":"https:\/\/topkeeperbalonmano.com\/?page_id=330","title":{"rendered":"METODOLOG\u00cdA"},"content":{"rendered":"\n<p class=\"wp-block-paragraph\"><\/p>\n\n\n\n<div class=\"wp-block-group is-style-section-2 is-layout-flow wp-block-group-is-layout-flow\">\n\n\n<div class=\"wp-block-group alignwide is-layout-constrained wp-block-group-is-layout-constrained\" style=\"padding-top:var(--wp--preset--spacing--20);padding-bottom:var(--wp--preset--spacing--40)\">\n<div class=\"wp-block-columns alignwide is-style-default is-layout-flex wp-container-core-columns-is-layout-6ac4339d wp-block-columns-is-layout-flex\">\n<div class=\"wp-block-column is-layout-flow wp-block-column-is-layout-flow\" style=\"flex-basis:50%\">\n<div class=\"wp-block-group is-vertical is-content-justification-stretch is-layout-flex wp-container-core-group-is-layout-842b3b51 wp-block-group-is-layout-flex\" style=\"min-height:100%\">\n<h2 class=\"wp-block-heading has-large-font-size\">Metodolog\u00eda para entrenadores\/as<\/h2>\n\n\n\n<div class=\"wp-block-group is-content-justification-left is-layout-constrained wp-container-core-group-is-layout-5b4c0314 wp-block-group-is-layout-constrained\">\n<p class=\"has-normal-font-size wp-block-paragraph\">En este apartado te explicaremos nuestra metodolog\u00eda para entrenadores y entrenadoras que se quieran formar sobre el trabajo del portero\/a de balonmano.<\/p>\n\n\n\n<p class=\"wp-block-paragraph\">\u200b<\/p>\n\n\n\n<p class=\"has-normal-font-size wp-block-paragraph\">Nuestra especialidad es el trabajo t\u00e1ctico con los jugadores de campo que es lo m\u00e1s eficaz para ense\u00f1ar al portero\/a a parar de forma consciente.&nbsp;<\/p>\n\n\n\n<div class=\"wp-block-buttons is-layout-flex wp-block-buttons-is-layout-flex\">\n<div class=\"wp-block-button\"><a class=\"wp-block-button__link wp-element-button\" href=\"https:\/\/topkeeperbalonmano.com\/?page_id=313\">M\u00e1s informaci\u00f3n<\/a><\/div>\n<\/div>\n<\/div>\n<\/div>\n<\/div>\n\n\n\n<div class=\"wp-block-column is-layout-flow wp-block-column-is-layout-flow\" style=\"flex-basis:50%\">\n<figure class=\"wp-block-image size-large\"><img data-recalc-dims=\"1\" loading=\"lazy\" decoding=\"async\" width=\"1619\" height=\"1080\" data-attachment-id=\"442\" data-permalink=\"https:\/\/topkeeperbalonmano.com\/?attachment_id=442\" data-orig-file=\"https:\/\/i0.wp.com\/topkeeperbalonmano.com\/wp-content\/uploads\/2025\/09\/DSC_0079.jpg?fit=4496%2C3000&amp;ssl=1\" data-orig-size=\"4496,3000\" data-comments-opened=\"1\" data-image-meta=\"{&quot;aperture&quot;:&quot;2.8&quot;,&quot;credit&quot;:&quot;&quot;,&quot;camera&quot;:&quot;NIKON D5500&quot;,&quot;caption&quot;:&quot;&quot;,&quot;created_timestamp&quot;:&quot;1735230666&quot;,&quot;copyright&quot;:&quot;&quot;,&quot;focal_length&quot;:&quot;70&quot;,&quot;iso&quot;:&quot;1000&quot;,&quot;shutter_speed&quot;:&quot;0.002&quot;,&quot;title&quot;:&quot;&quot;,&quot;orientation&quot;:&quot;1&quot;}\" data-image-title=\"DSC_0079\" data-image-description=\"\" data-image-caption=\"\" data-large-file=\"https:\/\/i0.wp.com\/topkeeperbalonmano.com\/wp-content\/uploads\/2025\/09\/DSC_0079.jpg?fit=1619%2C1080&amp;ssl=1\" src=\"https:\/\/i0.wp.com\/topkeeperbalonmano.com\/wp-content\/uploads\/2025\/09\/DSC_0079.jpg?resize=1619%2C1080&#038;ssl=1\" alt=\"\" class=\"wp-image-442\" style=\"aspect-ratio:3\/4;object-fit:cover\" srcset=\"https:\/\/i0.wp.com\/topkeeperbalonmano.com\/wp-content\/uploads\/2025\/09\/DSC_0079.jpg?resize=1619%2C1080&amp;ssl=1 1619w, https:\/\/i0.wp.com\/topkeeperbalonmano.com\/wp-content\/uploads\/2025\/09\/DSC_0079.jpg?resize=600%2C400&amp;ssl=1 600w, https:\/\/i0.wp.com\/topkeeperbalonmano.com\/wp-content\/uploads\/2025\/09\/DSC_0079.jpg?resize=768%2C512&amp;ssl=1 768w, https:\/\/i0.wp.com\/topkeeperbalonmano.com\/wp-content\/uploads\/2025\/09\/DSC_0079.jpg?resize=1536%2C1025&amp;ssl=1 1536w, https:\/\/i0.wp.com\/topkeeperbalonmano.com\/wp-content\/uploads\/2025\/09\/DSC_0079.jpg?resize=2048%2C1367&amp;ssl=1 2048w, https:\/\/i0.wp.com\/topkeeperbalonmano.com\/wp-content\/uploads\/2025\/09\/DSC_0079.jpg?resize=1200%2C801&amp;ssl=1 1200w, https:\/\/i0.wp.com\/topkeeperbalonmano.com\/wp-content\/uploads\/2025\/09\/DSC_0079.jpg?w=3000&amp;ssl=1 3000w\" sizes=\"auto, (max-width: 1000px) 100vw, 1000px\" \/><\/figure>\n<\/div>\n<\/div>\n<\/div>\n<\/div>\n\n\n\n<div class=\"wp-block-columns is-layout-flex wp-container-core-columns-is-layout-002ffff5 wp-block-columns-is-layout-flex\">\n<div class=\"wp-block-column is-layout-flow wp-block-column-is-layout-flow\">\n<figure class=\"wp-block-image size-large\"><img data-recalc-dims=\"1\" loading=\"lazy\" decoding=\"async\" width=\"721\" height=\"1080\" data-attachment-id=\"443\" data-permalink=\"https:\/\/topkeeperbalonmano.com\/?attachment_id=443\" data-orig-file=\"https:\/\/i0.wp.com\/topkeeperbalonmano.com\/wp-content\/uploads\/2025\/09\/DSC_0081-rotated.jpg?fit=3000%2C4496&amp;ssl=1\" data-orig-size=\"3000,4496\" data-comments-opened=\"1\" data-image-meta=\"{&quot;aperture&quot;:&quot;2.8&quot;,&quot;credit&quot;:&quot;&quot;,&quot;camera&quot;:&quot;NIKON D5500&quot;,&quot;caption&quot;:&quot;&quot;,&quot;created_timestamp&quot;:&quot;1735230695&quot;,&quot;copyright&quot;:&quot;&quot;,&quot;focal_length&quot;:&quot;70&quot;,&quot;iso&quot;:&quot;1000&quot;,&quot;shutter_speed&quot;:&quot;0.002&quot;,&quot;title&quot;:&quot;&quot;,&quot;orientation&quot;:&quot;1&quot;}\" data-image-title=\"DSC_0081\" data-image-description=\"\" data-image-caption=\"\" data-large-file=\"https:\/\/i0.wp.com\/topkeeperbalonmano.com\/wp-content\/uploads\/2025\/09\/DSC_0081-rotated.jpg?fit=721%2C1080&amp;ssl=1\" src=\"https:\/\/i0.wp.com\/topkeeperbalonmano.com\/wp-content\/uploads\/2025\/09\/DSC_0081.jpg?resize=721%2C1080&#038;ssl=1\" alt=\"\" class=\"wp-image-443\" srcset=\"https:\/\/i0.wp.com\/topkeeperbalonmano.com\/wp-content\/uploads\/2025\/09\/DSC_0081-rotated.jpg?resize=721%2C1080&amp;ssl=1 721w, https:\/\/i0.wp.com\/topkeeperbalonmano.com\/wp-content\/uploads\/2025\/09\/DSC_0081-rotated.jpg?resize=400%2C600&amp;ssl=1 400w, https:\/\/i0.wp.com\/topkeeperbalonmano.com\/wp-content\/uploads\/2025\/09\/DSC_0081-rotated.jpg?resize=768%2C1151&amp;ssl=1 768w, https:\/\/i0.wp.com\/topkeeperbalonmano.com\/wp-content\/uploads\/2025\/09\/DSC_0081-rotated.jpg?resize=1025%2C1536&amp;ssl=1 1025w, https:\/\/i0.wp.com\/topkeeperbalonmano.com\/wp-content\/uploads\/2025\/09\/DSC_0081-rotated.jpg?resize=1367%2C2048&amp;ssl=1 1367w, https:\/\/i0.wp.com\/topkeeperbalonmano.com\/wp-content\/uploads\/2025\/09\/DSC_0081-rotated.jpg?resize=1200%2C1798&amp;ssl=1 1200w, https:\/\/i0.wp.com\/topkeeperbalonmano.com\/wp-content\/uploads\/2025\/09\/DSC_0081-rotated.jpg?w=2000&amp;ssl=1 2000w, https:\/\/i0.wp.com\/topkeeperbalonmano.com\/wp-content\/uploads\/2025\/09\/DSC_0081-rotated.jpg?w=3000&amp;ssl=1 3000w\" sizes=\"auto, (max-width: 721px) 100vw, 721px\" \/><\/figure>\n<\/div>\n\n\n\n<div class=\"wp-block-column is-layout-flow wp-block-column-is-layout-flow\">\n<h2 class=\"wp-block-heading has-medium-font-size\"><strong>\u00bfC\u00f3mo trabajamos con los entrenadores\/as?<\/strong><\/h2>\n\n\n\n<p class=\"has-small-font-size wp-block-paragraph\"><strong>Para mejorar el rendimiento de nuestros\/as porteros\/as necesitamos que los entrenadores\/as tengan conceptos b\u00e1sicos y entender el trabajo de porter\u00eda.<\/strong><\/p>\n\n\n\n<p class=\"has-small-font-size wp-block-paragraph\"><strong>En Espa\u00f1a la asignatura de porteros\/as no est\u00e1 a la orden del d\u00eda en muchas Federaciones territoriales, ya que son m\u00e1s las que no imparten esta asignatura que los que si lo dan. Problema de esto es que hasta que no se hace el Curso Nacional de nivel 3 muchos entrenadores no ver\u00e1n nada sobre el entrenamiento del portero\/ de balonmano.<\/strong><\/p>\n\n\n\n<p class=\"has-small-font-size wp-block-paragraph\"><strong>Para ello tenemos una serie de servicios para que puedas formarte de la mejor manera.<\/strong><\/p>\n\n\n\n<p class=\"has-small-font-size wp-block-paragraph\"><a><strong>1.\u00a0<\/strong><\/a><strong><a>CURSO<\/a> ONLINE\u00a0: Estamos preparando un aula virtual donde podr\u00e1s hacer tu curso online a tu ritmo.<\/strong><\/p>\n\n\n\n<p class=\"has-small-font-size wp-block-paragraph\"><strong>2.\u00a0<\/strong><a><strong>TUTOR\u00cdAS PARA ENTRENADORES\/AS<\/strong><\/a><strong>\u00a0: Contrata una tutor\u00eda con Charly Hidalgo para ayudarte a\u00a0aclarar\u00a0tus dudas sobre el trabajo del\u00a0portero\/a de balonmano.<\/strong><\/p>\n\n\n\n<p class=\"has-small-font-size wp-block-paragraph\"><strong>Y por \u00faltimo, los&nbsp;<\/strong><a><strong>CURSOS PRESENCIALES Y STAGES<\/strong><\/a><strong>, tenemos distintas opciones &nbsp;para formar a entrenadores\/as que puedes organizar desde tu club, asociaci\u00f3n, campus o federaci\u00f3n tanto territorial como Nacional.<\/strong><\/p>\n\n\n\n<p class=\"has-small-font-size wp-block-paragraph\"><strong>\u200b<\/strong><\/p>\n\n\n\n<p class=\"has-small-font-size wp-block-paragraph\"><strong>No hay excusas para formarse en el entrenamiento del portero\/a de balonmano.<\/strong><\/p>\n\n\n\n<p class=\"has-small-font-size wp-block-paragraph\"><strong>Elige la que m\u00e1s se adapte a ti y a poner en pr\u00e1ctica lo aprendido.&nbsp;<\/strong><\/p>\n<\/div>\n<\/div>\n\n\n\n<div class=\"wp-block-group alignfull is-content-justification-center is-layout-constrained wp-block-group-is-layout-constrained\" style=\"margin-top:0;margin-bottom:0;padding-top:var(--wp--preset--spacing--40);padding-bottom:var(--wp--preset--spacing--40)\">\n<div class=\"wp-block-columns alignwide are-vertically-aligned-center is-layout-flex wp-container-core-columns-is-layout-6ac4339d wp-block-columns-is-layout-flex\">\n<div class=\"wp-block-column is-vertically-aligned-center is-content-justification-left is-layout-constrained wp-container-core-column-is-layout-fa68c29e wp-block-column-is-layout-constrained\" style=\"flex-basis:50%\">\n<h2 class=\"wp-block-heading\">Metodolog\u00eda para porteros\/as<\/h2>\n\n\n\n<p class=\"wp-block-paragraph\">En este apartado te explicaremos nuestra metodolog\u00eda para los porteros y porteras que participen en nuestras actividades de tecnificaci\u00f3n y de forma online con las autorizaciones.<br><\/p>\n\n\n\n<div class=\"wp-block-buttons is-layout-flex wp-block-buttons-is-layout-flex\">\n<div class=\"wp-block-button\"><a class=\"wp-block-button__link wp-element-button\" href=\"https:\/\/topkeeperbalonmano.com\/?page_id=315\">M\u00e1s informaci\u00f3n<\/a><\/div>\n<\/div>\n<\/div>\n\n\n\n<div class=\"wp-block-column is-vertically-aligned-center is-layout-flow wp-block-column-is-layout-flow\" style=\"flex-basis:50%\">\n<figure class=\"wp-block-image size-full\"><img data-recalc-dims=\"1\" loading=\"lazy\" decoding=\"async\" width=\"3000\" height=\"4496\" data-attachment-id=\"448\" data-permalink=\"https:\/\/topkeeperbalonmano.com\/?attachment_id=448\" data-orig-file=\"https:\/\/i0.wp.com\/topkeeperbalonmano.com\/wp-content\/uploads\/2025\/09\/DSC_0496-rotated.jpg?fit=3000%2C4496&amp;ssl=1\" data-orig-size=\"3000,4496\" data-comments-opened=\"1\" data-image-meta=\"{&quot;aperture&quot;:&quot;2.8&quot;,&quot;credit&quot;:&quot;&quot;,&quot;camera&quot;:&quot;NIKON D5500&quot;,&quot;caption&quot;:&quot;&quot;,&quot;created_timestamp&quot;:&quot;1735236598&quot;,&quot;copyright&quot;:&quot;&quot;,&quot;focal_length&quot;:&quot;70&quot;,&quot;iso&quot;:&quot;1000&quot;,&quot;shutter_speed&quot;:&quot;0.002&quot;,&quot;title&quot;:&quot;&quot;,&quot;orientation&quot;:&quot;1&quot;}\" data-image-title=\"DSC_0496\" data-image-description=\"\" data-image-caption=\"\" data-large-file=\"https:\/\/i0.wp.com\/topkeeperbalonmano.com\/wp-content\/uploads\/2025\/09\/DSC_0496-rotated.jpg?fit=721%2C1080&amp;ssl=1\" src=\"https:\/\/i0.wp.com\/topkeeperbalonmano.com\/wp-content\/uploads\/2025\/09\/DSC_0496-rotated.jpg?resize=3000%2C4496&#038;ssl=1\" alt=\"\" class=\"wp-image-448\" style=\"aspect-ratio:3\/4;object-fit:cover\" srcset=\"https:\/\/i0.wp.com\/topkeeperbalonmano.com\/wp-content\/uploads\/2025\/09\/DSC_0496-rotated.jpg?w=3000&amp;ssl=1 3000w, https:\/\/i0.wp.com\/topkeeperbalonmano.com\/wp-content\/uploads\/2025\/09\/DSC_0496-rotated.jpg?resize=400%2C600&amp;ssl=1 400w, https:\/\/i0.wp.com\/topkeeperbalonmano.com\/wp-content\/uploads\/2025\/09\/DSC_0496-rotated.jpg?resize=721%2C1080&amp;ssl=1 721w, https:\/\/i0.wp.com\/topkeeperbalonmano.com\/wp-content\/uploads\/2025\/09\/DSC_0496-rotated.jpg?resize=768%2C1151&amp;ssl=1 768w, https:\/\/i0.wp.com\/topkeeperbalonmano.com\/wp-content\/uploads\/2025\/09\/DSC_0496-rotated.jpg?resize=1025%2C1536&amp;ssl=1 1025w, https:\/\/i0.wp.com\/topkeeperbalonmano.com\/wp-content\/uploads\/2025\/09\/DSC_0496-rotated.jpg?resize=1367%2C2048&amp;ssl=1 1367w, https:\/\/i0.wp.com\/topkeeperbalonmano.com\/wp-content\/uploads\/2025\/09\/DSC_0496-rotated.jpg?resize=1200%2C1798&amp;ssl=1 1200w, https:\/\/i0.wp.com\/topkeeperbalonmano.com\/wp-content\/uploads\/2025\/09\/DSC_0496-rotated.jpg?w=2000&amp;ssl=1 2000w\" sizes=\"auto, (max-width: 1000px) 100vw, 1000px\" \/><\/figure>\n<\/div>\n<\/div>\n<\/div>\n\n\n\n<div class=\"wp-block-group is-style-section-2 is-layout-flow wp-block-group-is-layout-flow\">\n\n\n<div class=\"wp-block-group alignwide is-layout-constrained wp-block-group-is-layout-constrained\" style=\"padding-top:var(--wp--preset--spacing--20);padding-bottom:var(--wp--preset--spacing--40)\">\n<div class=\"wp-block-columns alignwide is-layout-flex wp-container-core-columns-is-layout-19b218b4 wp-block-columns-is-layout-flex\">\n<div class=\"wp-block-column is-layout-flow wp-block-column-is-layout-flow\" style=\"flex-basis:50%\">\n<figure class=\"wp-block-image size-full\"><img data-recalc-dims=\"1\" loading=\"lazy\" decoding=\"async\" width=\"1182\" height=\"1771\" data-attachment-id=\"453\" data-permalink=\"https:\/\/topkeeperbalonmano.com\/?attachment_id=453\" data-orig-file=\"https:\/\/i0.wp.com\/topkeeperbalonmano.com\/wp-content\/uploads\/2025\/09\/DSC_0470-logo.jpg?fit=1182%2C1771&amp;ssl=1\" data-orig-size=\"1182,1771\" data-comments-opened=\"1\" data-image-meta=\"{&quot;aperture&quot;:&quot;4&quot;,&quot;credit&quot;:&quot;&quot;,&quot;camera&quot;:&quot;NIKON D5500&quot;,&quot;caption&quot;:&quot;&quot;,&quot;created_timestamp&quot;:&quot;1703595636&quot;,&quot;copyright&quot;:&quot;&quot;,&quot;focal_length&quot;:&quot;80&quot;,&quot;iso&quot;:&quot;1000&quot;,&quot;shutter_speed&quot;:&quot;0.002&quot;,&quot;title&quot;:&quot;&quot;,&quot;orientation&quot;:&quot;1&quot;}\" data-image-title=\"DSC_0470-logo\" data-image-description=\"\" data-image-caption=\"\" data-large-file=\"https:\/\/i0.wp.com\/topkeeperbalonmano.com\/wp-content\/uploads\/2025\/09\/DSC_0470-logo.jpg?fit=721%2C1080&amp;ssl=1\" src=\"https:\/\/i0.wp.com\/topkeeperbalonmano.com\/wp-content\/uploads\/2025\/09\/DSC_0470-logo.jpg?resize=1182%2C1771&#038;ssl=1\" alt=\"\" class=\"wp-image-453\" srcset=\"https:\/\/i0.wp.com\/topkeeperbalonmano.com\/wp-content\/uploads\/2025\/09\/DSC_0470-logo.jpg?w=1182&amp;ssl=1 1182w, https:\/\/i0.wp.com\/topkeeperbalonmano.com\/wp-content\/uploads\/2025\/09\/DSC_0470-logo.jpg?resize=400%2C600&amp;ssl=1 400w, https:\/\/i0.wp.com\/topkeeperbalonmano.com\/wp-content\/uploads\/2025\/09\/DSC_0470-logo.jpg?resize=721%2C1080&amp;ssl=1 721w, https:\/\/i0.wp.com\/topkeeperbalonmano.com\/wp-content\/uploads\/2025\/09\/DSC_0470-logo.jpg?resize=768%2C1151&amp;ssl=1 768w, https:\/\/i0.wp.com\/topkeeperbalonmano.com\/wp-content\/uploads\/2025\/09\/DSC_0470-logo.jpg?resize=1025%2C1536&amp;ssl=1 1025w\" sizes=\"auto, (max-width: 1000px) 100vw, 1000px\" \/><\/figure>\n<\/div>\n\n\n\n<div class=\"wp-block-column is-content-justification-left is-layout-constrained wp-container-core-column-is-layout-0bc6a78e wp-block-column-is-layout-constrained\" style=\"flex-basis:50%\">\n<div class=\"wp-block-group is-vertical is-content-justification-stretch is-layout-flex wp-container-core-group-is-layout-842b3b51 wp-block-group-is-layout-flex\" style=\"min-height:100%\">\n<h2 class=\"wp-block-heading has-medium-font-size\"><strong>\u00bfC\u00f3mo trabajamos con los porteros\/as?<\/strong><\/h2>\n\n\n\n<p class=\"has-small-font-size wp-block-paragraph\"><strong><br><\/strong>En muchas ocasiones los porteros\/as no tienen entrenador\/a de porteros\/as por eso te damos la opci\u00f3n de seguir tu formaci\u00f3n con nosotros.<\/p>\n\n\n\n<p class=\"has-small-font-size wp-block-paragraph\"><strong>\u00bfC\u00d3MO PUEDES FORMARTE CON TOP KEEPER BALONMANO?<\/strong><\/p>\n\n\n\n<p class=\"has-small-font-size wp-block-paragraph\">Tenemos un servicio de\u00a0<a>TECNIFICACI\u00d3N\u00a0<\/a>por toda Espa\u00f1a, todo club o federaci\u00f3n que quiera organizar una tecnificaci\u00f3n de porteros solo tiene que escribiros. Hay varias modalidades de tecnificaci\u00f3n para adaptarse mejor a tus necesidades. Si eres portero\/a y quieres que contactemos con tu club para proponerles una tecnificaci\u00f3n tambi\u00e9n lo hacemos.<\/p>\n\n\n\n<p class=\"has-small-font-size wp-block-paragraph\"><a>LABORATORIO DE LA PARADA<\/a>\u00a0donde\u00a0ayudamos al portero\/a a mejorar su rendimiento mediante cortes de video de el\/ella misma donde ponemos comentarios de mejora.<\/p>\n\n\n\n<p class=\"has-small-font-size wp-block-paragraph\">TUTOR\u00cdA PARA PORTEROS\/AS\u00a0donde de forma online te aclaramos dudas para que puedas seguir aumentando tu\u00a0rendimiento donde te damos consejos y te montamos un plan especial para que puedas trabajar.<\/p>\n\n\n\n<p class=\"has-small-font-size wp-block-paragraph\">\u00a1Te esperamos!<\/p>\n<\/div>\n<\/div>\n<\/div>\n<\/div>\n<\/div>\n","protected":false},"excerpt":{"rendered":"<p>Metodolog\u00eda para entrenadores\/as En este apartado te explicaremos nuestra metodolog\u00eda para entrenadores y entrenadoras que se quieran formar sobre el trabajo del portero\/a de balonmano. \u200b Nuestra especialidad es el trabajo t\u00e1ctico con los jugadores de campo que es lo m\u00e1s eficaz para ense\u00f1ar al portero\/a a parar de forma consciente.&nbsp; \u00bfC\u00f3mo trabajamos con los [&hellip;]<\/p>\n","protected":false},"author":164797885,"featured_media":0,"parent":325,"menu_order":0,"comment_status":"closed","ping_status":"closed","template":"","meta":{"_crdt_document":"","advanced_seo_description":"","jetpack_seo_html_title":"","jetpack_seo_noindex":false,"jetpack_post_was_ever_published":false,"footnotes":""},"class_list":["post-330","page","type-page","status-publish","hentry"],"jetpack_likes_enabled":true,"jetpack_sharing_enabled":true,"jetpack_shortlink":"https:\/\/wp.me\/PgLkJY-5k","jetpack-related-posts":[{"id":325,"url":"https:\/\/topkeeperbalonmano.com\/?page_id=325","url_meta":{"origin":330,"position":0},"title":"SOBRE NOSOTROS","author":"Charly Hidalgo","date":"11\/09\/2025","format":false,"excerpt":"Hola, soy Charly Hidalgo Soy el director deportivo de este proyecto que busca llegar a cubrir las necesidades que tienen en el d\u00eda a d\u00eda gran parte de los porteros\/as de nuestro pa\u00eds y dar formaci\u00f3n a los entrenadores\/as que deseen mejorar en este campo, el entrenamiento del portero\/a de\u2026","rel":"","context":"Entrada similar","block_context":{"text":"Entrada similar","link":""},"img":{"alt_text":"","src":"https:\/\/i0.wp.com\/topkeeperbalonmano.com\/wp-content\/uploads\/2025\/09\/DSC_0065.jpg?resize=350%2C200&ssl=1","width":350,"height":200,"srcset":"https:\/\/i0.wp.com\/topkeeperbalonmano.com\/wp-content\/uploads\/2025\/09\/DSC_0065.jpg?resize=350%2C200&ssl=1 1x, https:\/\/i0.wp.com\/topkeeperbalonmano.com\/wp-content\/uploads\/2025\/09\/DSC_0065.jpg?resize=525%2C300&ssl=1 1.5x, https:\/\/i0.wp.com\/topkeeperbalonmano.com\/wp-content\/uploads\/2025\/09\/DSC_0065.jpg?resize=700%2C400&ssl=1 2x, https:\/\/i0.wp.com\/topkeeperbalonmano.com\/wp-content\/uploads\/2025\/09\/DSC_0065.jpg?resize=1050%2C600&ssl=1 3x, https:\/\/i0.wp.com\/topkeeperbalonmano.com\/wp-content\/uploads\/2025\/09\/DSC_0065.jpg?resize=1400%2C800&ssl=1 4x"},"classes":[]}],"_links":{"self":[{"href":"https:\/\/topkeeperbalonmano.com\/index.php?rest_route=\/wp\/v2\/pages\/330","targetHints":{"allow":["GET"]}}],"collection":[{"href":"https:\/\/topkeeperbalonmano.com\/index.php?rest_route=\/wp\/v2\/pages"}],"about":[{"href":"https:\/\/topkeeperbalonmano.com\/index.php?rest_route=\/wp\/v2\/types\/page"}],"author":[{"embeddable":true,"href":"https:\/\/topkeeperbalonmano.com\/index.php?rest_route=\/wp\/v2\/users\/164797885"}],"replies":[{"embeddable":true,"href":"https:\/\/topkeeperbalonmano.com\/index.php?rest_route=%2Fwp%2Fv2%2Fcomments&post=330"}],"version-history":[{"count":12,"href":"https:\/\/topkeeperbalonmano.com\/index.php?rest_route=\/wp\/v2\/pages\/330\/revisions"}],"predecessor-version":[{"id":454,"href":"https:\/\/topkeeperbalonmano.com\/index.php?rest_route=\/wp\/v2\/pages\/330\/revisions\/454"}],"up":[{"embeddable":true,"href":"https:\/\/topkeeperbalonmano.com\/index.php?rest_route=\/wp\/v2\/pages\/325"}],"wp:attachment":[{"href":"https:\/\/topkeeperbalonmano.com\/index.php?rest_route=%2Fwp%2Fv2%2Fmedia&parent=330"}],"curies":[{"name":"wp","href":"https:\/\/api.w.org\/{rel}","templated":true}]}}