{"id":317,"date":"2025-09-11T11:05:30","date_gmt":"2025-09-11T09:05:30","guid":{"rendered":"https:\/\/topkeeperbalonmano.com\/?page_id=317"},"modified":"2025-09-23T14:55:15","modified_gmt":"2025-09-23T12:55:15","slug":"formaciones-a-clubes-y-federaciones","status":"publish","type":"page","link":"https:\/\/topkeeperbalonmano.com\/?page_id=317","title":{"rendered":"FORMACIONES A CLUBES Y FEDERACIONES"},"content":{"rendered":"\n<div class=\"wp-block-group alignfull is-style-default is-content-justification-center is-layout-constrained wp-block-group-is-layout-constrained\" style=\"margin-top:0;margin-bottom:0;padding-top:var(--wp--preset--spacing--40);padding-bottom:var(--wp--preset--spacing--40)\">\n<div class=\"wp-block-columns alignwide is-layout-flex wp-container-core-columns-is-layout-6ac4339d wp-block-columns-is-layout-flex\">\n<div class=\"wp-block-column is-vertically-aligned-center is-content-justification-left is-layout-constrained wp-container-core-column-is-layout-ffc6f372 wp-block-column-is-layout-constrained\">\n<h2 class=\"wp-block-heading has-xx-large-font-size\">FORMACI\u00d3N A CLUBES Y FEDERACIONES<\/h2>\n\n\n\n<p class=\"has-medium-font-size wp-block-paragraph\">Todos nuestros servicios para la formaci\u00f3n de entrenadores\/as por medio de clubes y federaciones.<\/p>\n<\/div>\n\n\n\n<div class=\"wp-block-column is-vertically-aligned-bottom is-layout-flow wp-block-column-is-layout-flow\">\n<figure class=\"wp-block-image size-full\"><img data-recalc-dims=\"1\" loading=\"lazy\" decoding=\"async\" width=\"6000\" height=\"4000\" data-attachment-id=\"518\" data-permalink=\"https:\/\/topkeeperbalonmano.com\/?attachment_id=518\" data-orig-file=\"https:\/\/i0.wp.com\/topkeeperbalonmano.com\/wp-content\/uploads\/2025\/09\/sin-titulo-18-1.jpg?fit=6000%2C4000&amp;ssl=1\" data-orig-size=\"6000,4000\" data-comments-opened=\"1\" data-image-meta=\"{&quot;aperture&quot;:&quot;0&quot;,&quot;credit&quot;:&quot;&quot;,&quot;camera&quot;:&quot;&quot;,&quot;caption&quot;:&quot;&quot;,&quot;created_timestamp&quot;:&quot;0&quot;,&quot;copyright&quot;:&quot;&quot;,&quot;focal_length&quot;:&quot;0&quot;,&quot;iso&quot;:&quot;0&quot;,&quot;shutter_speed&quot;:&quot;0&quot;,&quot;title&quot;:&quot;&quot;,&quot;orientation&quot;:&quot;0&quot;}\" data-image-title=\"sin t\u00edtulo&amp;#8211;18\" data-image-description=\"\" data-image-caption=\"\" data-large-file=\"https:\/\/i0.wp.com\/topkeeperbalonmano.com\/wp-content\/uploads\/2025\/09\/sin-titulo-18-1.jpg?fit=1620%2C1080&amp;ssl=1\" src=\"https:\/\/i0.wp.com\/topkeeperbalonmano.com\/wp-content\/uploads\/2025\/09\/sin-titulo-18-1.jpg?resize=6000%2C4000&#038;ssl=1\" alt=\"\" class=\"wp-image-518\" style=\"aspect-ratio:1;object-fit:cover\" srcset=\"https:\/\/i0.wp.com\/topkeeperbalonmano.com\/wp-content\/uploads\/2025\/09\/sin-titulo-18-1.jpg?w=6000&amp;ssl=1 6000w, https:\/\/i0.wp.com\/topkeeperbalonmano.com\/wp-content\/uploads\/2025\/09\/sin-titulo-18-1.jpg?resize=600%2C400&amp;ssl=1 600w, https:\/\/i0.wp.com\/topkeeperbalonmano.com\/wp-content\/uploads\/2025\/09\/sin-titulo-18-1.jpg?resize=1620%2C1080&amp;ssl=1 1620w, https:\/\/i0.wp.com\/topkeeperbalonmano.com\/wp-content\/uploads\/2025\/09\/sin-titulo-18-1.jpg?resize=768%2C512&amp;ssl=1 768w, https:\/\/i0.wp.com\/topkeeperbalonmano.com\/wp-content\/uploads\/2025\/09\/sin-titulo-18-1.jpg?resize=1536%2C1024&amp;ssl=1 1536w, https:\/\/i0.wp.com\/topkeeperbalonmano.com\/wp-content\/uploads\/2025\/09\/sin-titulo-18-1.jpg?resize=2048%2C1365&amp;ssl=1 2048w, https:\/\/i0.wp.com\/topkeeperbalonmano.com\/wp-content\/uploads\/2025\/09\/sin-titulo-18-1.jpg?resize=1200%2C800&amp;ssl=1 1200w, https:\/\/i0.wp.com\/topkeeperbalonmano.com\/wp-content\/uploads\/2025\/09\/sin-titulo-18-1.jpg?w=3000&amp;ssl=1 3000w\" sizes=\"auto, (max-width: 1000px) 100vw, 1000px\" \/><\/figure>\n<\/div>\n<\/div>\n<\/div>\n\n\n\n<div class=\"wp-block-group alignfull is-style-section-2 is-content-justification-center is-layout-constrained wp-container-core-group-is-layout-40310d52 wp-block-group-is-layout-constrained\" style=\"margin-top:0;margin-bottom:0;padding-top:var(--wp--preset--spacing--50);padding-bottom:var(--wp--preset--spacing--50)\">\n<div class=\"wp-block-group alignwide is-layout-flow wp-block-group-is-layout-flow\" style=\"margin-top:0;margin-bottom:0\">\n<div class=\"wp-block-group alignwide is-layout-flow wp-block-group-is-layout-flow\">\n<div style=\"height:20px\" aria-hidden=\"true\" class=\"wp-block-spacer\"><\/div>\n\n\n\n<div class=\"wp-block-columns alignwide is-layout-flex wp-container-core-columns-is-layout-eb154eea wp-block-columns-is-layout-flex\">\n<div class=\"wp-block-column is-layout-flow wp-container-core-column-is-layout-1db22f55 wp-block-column-is-layout-flow\">\n<div class=\"wp-block-group is-layout-flow wp-container-core-group-is-layout-7e35bb7b wp-block-group-is-layout-flow\">\n<h3 class=\"wp-block-heading is-service-name has-medium-font-size\"><strong>Steges<\/strong><\/h3>\n\n\n\n<figure class=\"wp-block-image size-large wp-duotone-unset-1\"><img data-recalc-dims=\"1\" loading=\"lazy\" decoding=\"async\" width=\"1024\" height=\"683\" data-attachment-id=\"181\" data-permalink=\"https:\/\/topkeeperbalonmano.com\/?attachment_id=181\" data-orig-file=\"https:\/\/i0.wp.com\/topkeeperbalonmano.com\/wp-content\/uploads\/2025\/09\/DSC_0024-Logo.jpg?fit=1772%2C1182&amp;ssl=1\" data-orig-size=\"1772,1182\" data-comments-opened=\"1\" data-image-meta=\"{&quot;aperture&quot;:&quot;2.8&quot;,&quot;credit&quot;:&quot;&quot;,&quot;camera&quot;:&quot;NIKON D5500&quot;,&quot;caption&quot;:&quot;&quot;,&quot;created_timestamp&quot;:&quot;1703588768&quot;,&quot;copyright&quot;:&quot;&quot;,&quot;focal_length&quot;:&quot;70&quot;,&quot;iso&quot;:&quot;1250&quot;,&quot;shutter_speed&quot;:&quot;0.005&quot;,&quot;title&quot;:&quot;&quot;,&quot;orientation&quot;:&quot;1&quot;}\" data-image-title=\"DSC_0024-Logo\" data-image-description=\"\" data-image-caption=\"\" data-large-file=\"https:\/\/i0.wp.com\/topkeeperbalonmano.com\/wp-content\/uploads\/2025\/09\/DSC_0024-Logo.jpg?fit=1024%2C683&amp;ssl=1\" src=\"https:\/\/i0.wp.com\/topkeeperbalonmano.com\/wp-content\/uploads\/2025\/09\/DSC_0024-Logo.jpg?resize=1024%2C683&#038;ssl=1\" alt=\"\" class=\"wp-image-181\" style=\"aspect-ratio:4\/3;object-fit:cover\" srcset=\"https:\/\/i0.wp.com\/topkeeperbalonmano.com\/wp-content\/uploads\/2025\/09\/DSC_0024-Logo.jpg?resize=1024%2C683&amp;ssl=1 1024w, https:\/\/i0.wp.com\/topkeeperbalonmano.com\/wp-content\/uploads\/2025\/09\/DSC_0024-Logo.jpg?resize=300%2C200&amp;ssl=1 300w, https:\/\/i0.wp.com\/topkeeperbalonmano.com\/wp-content\/uploads\/2025\/09\/DSC_0024-Logo.jpg?resize=768%2C512&amp;ssl=1 768w, https:\/\/i0.wp.com\/topkeeperbalonmano.com\/wp-content\/uploads\/2025\/09\/DSC_0024-Logo.jpg?resize=1536%2C1025&amp;ssl=1 1536w, https:\/\/i0.wp.com\/topkeeperbalonmano.com\/wp-content\/uploads\/2025\/09\/DSC_0024-Logo.jpg?resize=1200%2C800&amp;ssl=1 1200w, https:\/\/i0.wp.com\/topkeeperbalonmano.com\/wp-content\/uploads\/2025\/09\/DSC_0024-Logo.jpg?w=1772&amp;ssl=1 1772w\" sizes=\"auto, (max-width: 1000px) 100vw, 1000px\" \/><\/figure>\n\n\n\n<p class=\"is-service-description wp-block-paragraph\">Realizamos stages por toda Espa\u00f1a, este formato son cursos o charlas de forma presencial que pueden solicitar los clubes, Federaciones Territoriales y Nacionales.<\/p>\n\n\n\n<div class=\"wp-block-buttons is-layout-flex wp-block-buttons-is-layout-flex\">\n<div class=\"wp-block-button is-service-link\"><a class=\"wp-block-button__link wp-element-button\" href=\"https:\/\/topkeeperbalonmano.com\/?page_id=618\">M\u00e1s informaci\u00f3n<\/a><\/div>\n<\/div>\n<\/div>\n<\/div>\n\n\n\n<div class=\"wp-block-column is-layout-flow wp-container-core-column-is-layout-1db22f55 wp-block-column-is-layout-flow\">\n<div class=\"wp-block-group is-layout-flow wp-container-core-group-is-layout-7e35bb7b wp-block-group-is-layout-flow\">\n<h3 class=\"wp-block-heading is-service-name has-medium-font-size\"><strong>Tutorizaci\u00f3n a clubes<\/strong><\/h3>\n\n\n\n<figure class=\"wp-block-image size-full wp-duotone-unset-2\"><img data-recalc-dims=\"1\" loading=\"lazy\" decoding=\"async\" width=\"1170\" height=\"740\" data-attachment-id=\"630\" data-permalink=\"https:\/\/topkeeperbalonmano.com\/?attachment_id=630\" data-orig-file=\"https:\/\/i0.wp.com\/topkeeperbalonmano.com\/wp-content\/uploads\/2025\/09\/IMG_2675.jpeg?fit=1170%2C740&amp;ssl=1\" data-orig-size=\"1170,740\" data-comments-opened=\"1\" data-image-meta=\"{&quot;aperture&quot;:&quot;0&quot;,&quot;credit&quot;:&quot;&quot;,&quot;camera&quot;:&quot;&quot;,&quot;caption&quot;:&quot;&quot;,&quot;created_timestamp&quot;:&quot;0&quot;,&quot;copyright&quot;:&quot;&quot;,&quot;focal_length&quot;:&quot;0&quot;,&quot;iso&quot;:&quot;0&quot;,&quot;shutter_speed&quot;:&quot;0&quot;,&quot;title&quot;:&quot;&quot;,&quot;orientation&quot;:&quot;1&quot;}\" data-image-title=\"IMG_2675\" data-image-description=\"\" data-image-caption=\"\" data-large-file=\"https:\/\/i0.wp.com\/topkeeperbalonmano.com\/wp-content\/uploads\/2025\/09\/IMG_2675.jpeg?fit=1170%2C740&amp;ssl=1\" src=\"https:\/\/i0.wp.com\/topkeeperbalonmano.com\/wp-content\/uploads\/2025\/09\/IMG_2675.jpeg?resize=1170%2C740&#038;ssl=1\" alt=\"\" class=\"wp-image-630\" style=\"aspect-ratio:4\/3;object-fit:cover\" srcset=\"https:\/\/i0.wp.com\/topkeeperbalonmano.com\/wp-content\/uploads\/2025\/09\/IMG_2675.jpeg?w=1170&amp;ssl=1 1170w, https:\/\/i0.wp.com\/topkeeperbalonmano.com\/wp-content\/uploads\/2025\/09\/IMG_2675.jpeg?resize=600%2C379&amp;ssl=1 600w, https:\/\/i0.wp.com\/topkeeperbalonmano.com\/wp-content\/uploads\/2025\/09\/IMG_2675.jpeg?resize=768%2C486&amp;ssl=1 768w\" sizes=\"auto, (max-width: 1000px) 100vw, 1000px\" \/><\/figure>\n\n\n\n<p class=\"is-service-description wp-block-paragraph\">Tutorizamos a clubes de toda Espa\u00f1a y sudam\u00e9rica donde os ayudamos a crear una escuela de porteros\/as con asesoramiento y reuniones para resolver dudas.<\/p>\n\n\n\n<div class=\"wp-block-buttons is-layout-flex wp-block-buttons-is-layout-flex\">\n<div class=\"wp-block-button is-service-link\"><a class=\"wp-block-button__link wp-element-button\" href=\"https:\/\/topkeeperbalonmano.com\/?page_id=620\">M\u00e1s informaci\u00f3n<\/a><\/div>\n<\/div>\n<\/div>\n<\/div>\n\n\n\n<div class=\"wp-block-column is-layout-flow wp-container-core-column-is-layout-1db22f55 wp-block-column-is-layout-flow\">\n<div class=\"wp-block-group is-layout-flow wp-container-core-group-is-layout-7e35bb7b wp-block-group-is-layout-flow\">\n<h3 class=\"wp-block-heading is-service-name has-medium-font-size\"><strong>Cursos online<\/strong><\/h3>\n\n\n\n<figure class=\"wp-block-image size-full wp-duotone-unset-3\"><img data-recalc-dims=\"1\" loading=\"lazy\" decoding=\"async\" width=\"3000\" height=\"2000\" data-attachment-id=\"632\" data-permalink=\"https:\/\/topkeeperbalonmano.com\/?attachment_id=632\" data-orig-file=\"https:\/\/i0.wp.com\/topkeeperbalonmano.com\/wp-content\/uploads\/2025\/09\/Federaciones-colaboradoras-2.jpg?fit=3000%2C2000&amp;ssl=1\" data-orig-size=\"3000,2000\" data-comments-opened=\"1\" data-image-meta=\"{&quot;aperture&quot;:&quot;0&quot;,&quot;credit&quot;:&quot;&quot;,&quot;camera&quot;:&quot;&quot;,&quot;caption&quot;:&quot;&quot;,&quot;created_timestamp&quot;:&quot;0&quot;,&quot;copyright&quot;:&quot;&quot;,&quot;focal_length&quot;:&quot;0&quot;,&quot;iso&quot;:&quot;0&quot;,&quot;shutter_speed&quot;:&quot;0&quot;,&quot;title&quot;:&quot;&quot;,&quot;orientation&quot;:&quot;1&quot;}\" data-image-title=\"Federaciones colaboradoras-2\" data-image-description=\"\" data-image-caption=\"\" data-large-file=\"https:\/\/i0.wp.com\/topkeeperbalonmano.com\/wp-content\/uploads\/2025\/09\/Federaciones-colaboradoras-2.jpg?fit=1620%2C1080&amp;ssl=1\" src=\"https:\/\/i0.wp.com\/topkeeperbalonmano.com\/wp-content\/uploads\/2025\/09\/Federaciones-colaboradoras-2.jpg?resize=3000%2C2000&#038;ssl=1\" alt=\"\" class=\"wp-image-632\" style=\"aspect-ratio:4\/3;object-fit:cover\" srcset=\"https:\/\/i0.wp.com\/topkeeperbalonmano.com\/wp-content\/uploads\/2025\/09\/Federaciones-colaboradoras-2.jpg?w=3000&amp;ssl=1 3000w, https:\/\/i0.wp.com\/topkeeperbalonmano.com\/wp-content\/uploads\/2025\/09\/Federaciones-colaboradoras-2.jpg?resize=600%2C400&amp;ssl=1 600w, https:\/\/i0.wp.com\/topkeeperbalonmano.com\/wp-content\/uploads\/2025\/09\/Federaciones-colaboradoras-2.jpg?resize=1620%2C1080&amp;ssl=1 1620w, https:\/\/i0.wp.com\/topkeeperbalonmano.com\/wp-content\/uploads\/2025\/09\/Federaciones-colaboradoras-2.jpg?resize=768%2C512&amp;ssl=1 768w, https:\/\/i0.wp.com\/topkeeperbalonmano.com\/wp-content\/uploads\/2025\/09\/Federaciones-colaboradoras-2.jpg?resize=1536%2C1024&amp;ssl=1 1536w, https:\/\/i0.wp.com\/topkeeperbalonmano.com\/wp-content\/uploads\/2025\/09\/Federaciones-colaboradoras-2.jpg?resize=2048%2C1365&amp;ssl=1 2048w, https:\/\/i0.wp.com\/topkeeperbalonmano.com\/wp-content\/uploads\/2025\/09\/Federaciones-colaboradoras-2.jpg?resize=1200%2C800&amp;ssl=1 1200w\" sizes=\"auto, (max-width: 1000px) 100vw, 1000px\" \/><\/figure>\n\n\n\n<p class=\"is-service-description wp-block-paragraph\">Trabajamos con federaciones territoriales para impartir la asignatura de porter\u00eda en los cursos de monitor (N1) y territorial (N2). P\u00eddenos m\u00e1s informaci\u00f3n.<\/p>\n\n\n\n<div class=\"wp-block-buttons is-layout-flex wp-block-buttons-is-layout-flex\">\n<div class=\"wp-block-button is-service-link\"><a class=\"wp-block-button__link wp-element-button\">M\u00e1s informaci\u00f3n<\/a><\/div>\n<\/div>\n<\/div>\n<\/div>\n<\/div>\n<\/div>\n<\/div>\n<\/div>\n\n\n\n<p class=\"has-text-align-center has-medium-font-size wp-block-paragraph\"><strong>FORMULARIO DE INFORMACI\u00d3N A FORMACI\u00d3N  A CLUBES Y FEDERACIONES<\/strong><\/p>\n\n\n<div class=\"wp-block-jetpack-contact-form is-layout-flex wp-container-jetpack-contact-form-is-layout-5ccd06a3 wp-block-jetpack-contact-form-is-layout-flex\"><a href=\"https:\/\/topkeeperbalonmano.com\/?page_id=317\" target=\"_blank\" rel=\"noopener noreferrer\">Env\u00eda un formulario.<\/a><\/div>","protected":false},"excerpt":{"rendered":"<p>FORMACI\u00d3N A CLUBES Y FEDERACIONES Todos nuestros servicios para la formaci\u00f3n de entrenadores\/as por medio de clubes y federaciones. Steges Realizamos stages por toda Espa\u00f1a, este formato son cursos o charlas de forma presencial que pueden solicitar los clubes, Federaciones Territoriales y Nacionales. Tutorizaci\u00f3n a clubes Tutorizamos a clubes de toda Espa\u00f1a y sudam\u00e9rica donde [&hellip;]<\/p>\n","protected":false},"author":164797885,"featured_media":0,"parent":312,"menu_order":0,"comment_status":"closed","ping_status":"closed","template":"","meta":{"_crdt_document":"","advanced_seo_description":"","jetpack_seo_html_title":"","jetpack_seo_noindex":false,"jetpack_post_was_ever_published":false,"footnotes":""},"class_list":["post-317","page","type-page","status-publish","hentry"],"jetpack_likes_enabled":true,"jetpack_sharing_enabled":true,"jetpack_shortlink":"https:\/\/wp.me\/PgLkJY-57","jetpack-related-posts":[{"id":312,"url":"https:\/\/topkeeperbalonmano.com\/?page_id=312","url_meta":{"origin":317,"position":0},"title":"SERVICIOS","author":"Charly Hidalgo","date":"11\/09\/2025","format":false,"excerpt":"Nuestros servicios Te ofrecemos un amplio n\u00famero de servicios para la formaci\u00f3n de entrenadores\/as, porteros\/as, clubes y federaciones. Para la formaci\u00f3n en cada uno de los estamentos utilizamos diversas formas para ayudarte en el camino. \u00a1Elige la tuya y s\u00famate! Actividades de tecnificaci\u00f3n Hacemos tecnificaciones con clubes por toda Espa\u00f1a,\u2026","rel":"","context":"Entrada similar","block_context":{"text":"Entrada similar","link":""},"img":{"alt_text":"","src":"https:\/\/i0.wp.com\/topkeeperbalonmano.com\/wp-content\/uploads\/2025\/09\/IMG_2675-1.jpeg?resize=350%2C200&ssl=1","width":350,"height":200,"srcset":"https:\/\/i0.wp.com\/topkeeperbalonmano.com\/wp-content\/uploads\/2025\/09\/IMG_2675-1.jpeg?resize=350%2C200&ssl=1 1x, https:\/\/i0.wp.com\/topkeeperbalonmano.com\/wp-content\/uploads\/2025\/09\/IMG_2675-1.jpeg?resize=525%2C300&ssl=1 1.5x, https:\/\/i0.wp.com\/topkeeperbalonmano.com\/wp-content\/uploads\/2025\/09\/IMG_2675-1.jpeg?resize=700%2C400&ssl=1 2x, https:\/\/i0.wp.com\/topkeeperbalonmano.com\/wp-content\/uploads\/2025\/09\/IMG_2675-1.jpeg?resize=1050%2C600&ssl=1 3x"},"classes":[]},{"id":309,"url":"https:\/\/topkeeperbalonmano.com\/","url_meta":{"origin":317,"position":1},"title":"INICIO","author":"Charly Hidalgo","date":"11\/09\/2025","format":false,"excerpt":"TE DAMOS LA BIENVENIDA A TOP KEEPER BALONMANO La escuela de formaci\u00f3n de los entrenadores\/as y porteros\/as de balonmano. \u200bSomos un servicio de formaci\u00f3n para porteros\/as, entrenadores\/as, clubes y federaciones de balonmano. Tenemos distintos servicios para llegar a un mayor n\u00famero de clientes, formaci\u00f3n para porteros\/as con nuestra tutorizaci\u00f3n online\u2026","rel":"","context":"Entrada similar","block_context":{"text":"Entrada similar","link":""},"img":{"alt_text":"","src":"https:\/\/i0.wp.com\/topkeeperbalonmano.com\/wp-content\/uploads\/2025\/08\/fondo-de-zoom-para-casting-virtual-de-mujer-protagonista-negro-y-verde.jpg?resize=350%2C200&ssl=1","width":350,"height":200,"srcset":"https:\/\/i0.wp.com\/topkeeperbalonmano.com\/wp-content\/uploads\/2025\/08\/fondo-de-zoom-para-casting-virtual-de-mujer-protagonista-negro-y-verde.jpg?resize=350%2C200&ssl=1 1x, https:\/\/i0.wp.com\/topkeeperbalonmano.com\/wp-content\/uploads\/2025\/08\/fondo-de-zoom-para-casting-virtual-de-mujer-protagonista-negro-y-verde.jpg?resize=525%2C300&ssl=1 1.5x, https:\/\/i0.wp.com\/topkeeperbalonmano.com\/wp-content\/uploads\/2025\/08\/fondo-de-zoom-para-casting-virtual-de-mujer-protagonista-negro-y-verde.jpg?resize=700%2C400&ssl=1 2x, https:\/\/i0.wp.com\/topkeeperbalonmano.com\/wp-content\/uploads\/2025\/08\/fondo-de-zoom-para-casting-virtual-de-mujer-protagonista-negro-y-verde.jpg?resize=1050%2C600&ssl=1 3x"},"classes":[]},{"id":334,"url":"https:\/\/topkeeperbalonmano.com\/?page_id=334","url_meta":{"origin":317,"position":2},"title":"COLABORADORES","author":"Charly Hidalgo","date":"11\/09\/2025","format":false,"excerpt":"Colaboramos con clubes y federaciones de toda Espa\u00f1a para ayudar en la creaci\u00f3n de una escuela de porteros\/as o en la formacion de los entrenadores\/as impartiendo cursos de monitor y territorial.","rel":"","context":"Entrada similar","block_context":{"text":"Entrada similar","link":""},"img":{"alt_text":"","src":"https:\/\/i0.wp.com\/topkeeperbalonmano.com\/wp-content\/uploads\/2025\/09\/Cursos-en-territoriales-3.png?resize=350%2C200&ssl=1","width":350,"height":200,"srcset":"https:\/\/i0.wp.com\/topkeeperbalonmano.com\/wp-content\/uploads\/2025\/09\/Cursos-en-territoriales-3.png?resize=350%2C200&ssl=1 1x, https:\/\/i0.wp.com\/topkeeperbalonmano.com\/wp-content\/uploads\/2025\/09\/Cursos-en-territoriales-3.png?resize=525%2C300&ssl=1 1.5x, https:\/\/i0.wp.com\/topkeeperbalonmano.com\/wp-content\/uploads\/2025\/09\/Cursos-en-territoriales-3.png?resize=700%2C400&ssl=1 2x, https:\/\/i0.wp.com\/topkeeperbalonmano.com\/wp-content\/uploads\/2025\/09\/Cursos-en-territoriales-3.png?resize=1050%2C600&ssl=1 3x"},"classes":[]},{"id":618,"url":"https:\/\/topkeeperbalonmano.com\/?page_id=618","url_meta":{"origin":317,"position":3},"title":"STAGES","author":"Charly Hidalgo","date":"23\/09\/2025","format":false,"excerpt":"STEGES Contacta con nosotros para organizar tu curso o charla de forma presencial. \u00bfA QUI\u00c9N VA DIRIGIDO? Va dirigido a clubes, federaciones territoriales, federaciones\u00a0nacionales y asociaciones que deseen hacer una formaci\u00f3n en formato presencial con sus\u00a0entrenadores\/as. \u200b Esta orienta a grupos de m\u00e1s de 5 personas, si te quieres formar\u2026","rel":"","context":"Entrada similar","block_context":{"text":"Entrada similar","link":""},"img":{"alt_text":"","src":"https:\/\/i0.wp.com\/topkeeperbalonmano.com\/wp-content\/uploads\/2025\/09\/sin-titulo-537.jpg?resize=350%2C200&ssl=1","width":350,"height":200,"srcset":"https:\/\/i0.wp.com\/topkeeperbalonmano.com\/wp-content\/uploads\/2025\/09\/sin-titulo-537.jpg?resize=350%2C200&ssl=1 1x, https:\/\/i0.wp.com\/topkeeperbalonmano.com\/wp-content\/uploads\/2025\/09\/sin-titulo-537.jpg?resize=525%2C300&ssl=1 1.5x, https:\/\/i0.wp.com\/topkeeperbalonmano.com\/wp-content\/uploads\/2025\/09\/sin-titulo-537.jpg?resize=700%2C400&ssl=1 2x, https:\/\/i0.wp.com\/topkeeperbalonmano.com\/wp-content\/uploads\/2025\/09\/sin-titulo-537.jpg?resize=1050%2C600&ssl=1 3x, https:\/\/i0.wp.com\/topkeeperbalonmano.com\/wp-content\/uploads\/2025\/09\/sin-titulo-537.jpg?resize=1400%2C800&ssl=1 4x"},"classes":[]},{"id":325,"url":"https:\/\/topkeeperbalonmano.com\/?page_id=325","url_meta":{"origin":317,"position":4},"title":"SOBRE NOSOTROS","author":"Charly Hidalgo","date":"11\/09\/2025","format":false,"excerpt":"Hola, soy Charly Hidalgo Soy el director deportivo de este proyecto que busca llegar a cubrir las necesidades que tienen en el d\u00eda a d\u00eda gran parte de los porteros\/as de nuestro pa\u00eds y dar formaci\u00f3n a los entrenadores\/as que deseen mejorar en este campo, el entrenamiento del portero\/a de\u2026","rel":"","context":"Entrada similar","block_context":{"text":"Entrada similar","link":""},"img":{"alt_text":"","src":"https:\/\/i0.wp.com\/topkeeperbalonmano.com\/wp-content\/uploads\/2025\/09\/DSC_0065.jpg?resize=350%2C200&ssl=1","width":350,"height":200,"srcset":"https:\/\/i0.wp.com\/topkeeperbalonmano.com\/wp-content\/uploads\/2025\/09\/DSC_0065.jpg?resize=350%2C200&ssl=1 1x, https:\/\/i0.wp.com\/topkeeperbalonmano.com\/wp-content\/uploads\/2025\/09\/DSC_0065.jpg?resize=525%2C300&ssl=1 1.5x, https:\/\/i0.wp.com\/topkeeperbalonmano.com\/wp-content\/uploads\/2025\/09\/DSC_0065.jpg?resize=700%2C400&ssl=1 2x, https:\/\/i0.wp.com\/topkeeperbalonmano.com\/wp-content\/uploads\/2025\/09\/DSC_0065.jpg?resize=1050%2C600&ssl=1 3x, https:\/\/i0.wp.com\/topkeeperbalonmano.com\/wp-content\/uploads\/2025\/09\/DSC_0065.jpg?resize=1400%2C800&ssl=1 4x"},"classes":[]},{"id":330,"url":"https:\/\/topkeeperbalonmano.com\/?page_id=330","url_meta":{"origin":317,"position":5},"title":"METODOLOG\u00cdA","author":"Charly Hidalgo","date":"11\/09\/2025","format":false,"excerpt":"Metodolog\u00eda para entrenadores\/as En este apartado te explicaremos nuestra metodolog\u00eda para entrenadores y entrenadoras que se quieran formar sobre el trabajo del portero\/a de balonmano. \u200b Nuestra especialidad es el trabajo t\u00e1ctico con los jugadores de campo que es lo m\u00e1s eficaz para ense\u00f1ar al portero\/a a parar de forma\u2026","rel":"","context":"Entrada similar","block_context":{"text":"Entrada similar","link":""},"img":{"alt_text":"","src":"https:\/\/i0.wp.com\/topkeeperbalonmano.com\/wp-content\/uploads\/2025\/09\/DSC_0470-logo.jpg?resize=350%2C200&ssl=1","width":350,"height":200,"srcset":"https:\/\/i0.wp.com\/topkeeperbalonmano.com\/wp-content\/uploads\/2025\/09\/DSC_0470-logo.jpg?resize=350%2C200&ssl=1 1x, https:\/\/i0.wp.com\/topkeeperbalonmano.com\/wp-content\/uploads\/2025\/09\/DSC_0470-logo.jpg?resize=525%2C300&ssl=1 1.5x, https:\/\/i0.wp.com\/topkeeperbalonmano.com\/wp-content\/uploads\/2025\/09\/DSC_0470-logo.jpg?resize=700%2C400&ssl=1 2x, https:\/\/i0.wp.com\/topkeeperbalonmano.com\/wp-content\/uploads\/2025\/09\/DSC_0470-logo.jpg?resize=1050%2C600&ssl=1 3x"},"classes":[]}],"_links":{"self":[{"href":"https:\/\/topkeeperbalonmano.com\/index.php?rest_route=\/wp\/v2\/pages\/317","targetHints":{"allow":["GET"]}}],"collection":[{"href":"https:\/\/topkeeperbalonmano.com\/index.php?rest_route=\/wp\/v2\/pages"}],"about":[{"href":"https:\/\/topkeeperbalonmano.com\/index.php?rest_route=\/wp\/v2\/types\/page"}],"author":[{"embeddable":true,"href":"https:\/\/topkeeperbalonmano.com\/index.php?rest_route=\/wp\/v2\/users\/164797885"}],"replies":[{"embeddable":true,"href":"https:\/\/topkeeperbalonmano.com\/index.php?rest_route=%2Fwp%2Fv2%2Fcomments&post=317"}],"version-history":[{"count":26,"href":"https:\/\/topkeeperbalonmano.com\/index.php?rest_route=\/wp\/v2\/pages\/317\/revisions"}],"predecessor-version":[{"id":654,"href":"https:\/\/topkeeperbalonmano.com\/index.php?rest_route=\/wp\/v2\/pages\/317\/revisions\/654"}],"up":[{"embeddable":true,"href":"https:\/\/topkeeperbalonmano.com\/index.php?rest_route=\/wp\/v2\/pages\/312"}],"wp:attachment":[{"href":"https:\/\/topkeeperbalonmano.com\/index.php?rest_route=%2Fwp%2Fv2%2Fmedia&parent=317"}],"curies":[{"name":"wp","href":"https:\/\/api.w.org\/{rel}","templated":true}]}}